{"id":1857,"date":"2026-01-02T09:59:49","date_gmt":"2026-01-02T09:59:49","guid":{"rendered":"https:\/\/antineahotel.gr\/restaurant\/"},"modified":"2026-01-02T15:00:47","modified_gmt":"2026-01-02T15:00:47","slug":"restaurant","status":"publish","type":"page","link":"https:\/\/antineahotel.gr\/de\/restaurant\/","title":{"rendered":"RESTAURANT"},"content":{"rendered":"<div class=\"fusion-fullwidth fullwidth-box fusion-builder-row-1 fusion-flex-container has-pattern-background has-mask-background hundred-percent-fullwidth non-hundred-percent-height-scrolling\" style=\"--awb-border-radius-top-left:0px;--awb-border-radius-top-right:0px;--awb-border-radius-bottom-right:0px;--awb-border-radius-bottom-left:0px;--awb-padding-right:0px;--awb-padding-left:0px;--awb-flex-wrap:wrap;\" ><div class=\"fusion-builder-row fusion-row fusion-flex-align-items-stretch fusion-flex-content-wrap\" style=\"width:104% !important;max-width:104% !important;margin-left: calc(-4% \/ 2 );margin-right: calc(-4% \/ 2 );\"><div class=\"fusion-layout-column fusion_builder_column fusion-builder-column-0 fusion_builder_column_1_3 1_3 fusion-flex-column\" style=\"--awb-padding-top:50px;--awb-padding-right:0px;--awb-padding-left:0px;--awb-padding-top-medium:20px;--awb-bg-size:cover;--awb-width-large:33.333333333333%;--awb-margin-top-large:0px;--awb-spacing-right-large:10px;--awb-margin-bottom-large:0px;--awb-spacing-left-large:5.76%;--awb-width-medium:33.333333333333%;--awb-order-medium:1;--awb-spacing-right-medium:10px;--awb-spacing-left-medium:5.76%;--awb-width-small:100%;--awb-order-small:1;--awb-spacing-right-small:1.92%;--awb-spacing-left-small:1.92%;\" data-scroll-devices=\"small-visibility,medium-visibility,large-visibility\"><div class=\"fusion-column-wrapper fusion-column-has-shadow fusion-flex-justify-content-flex-start fusion-content-layout-column\"><div class=\"fusion-builder-row fusion-builder-row-inner fusion-row fusion-flex-align-items-stretch fusion-flex-content-wrap\" style=\"--awb-flex-grow:0;--awb-flex-grow-medium:0;--awb-flex-grow-small:0;--awb-flex-shrink:0;--awb-flex-shrink-medium:0;--awb-flex-shrink-small:0;width:104% !important;max-width:104% !important;margin-left: calc(-4% \/ 2 );margin-right: calc(-4% \/ 2 );\"><div class=\"fusion-layout-column fusion_builder_column_inner fusion-builder-nested-column-0 fusion_builder_column_inner_1_1 1_1 fusion-flex-column\" style=\"--awb-padding-right:10%;--awb-padding-left:10%;--awb-padding-right-medium:20px;--awb-padding-left-medium:20px;--awb-bg-size:cover;--awb-width-large:100%;--awb-margin-top-large:0px;--awb-spacing-right-large:1.92%;--awb-margin-bottom-large:0px;--awb-spacing-left-large:1.92%;--awb-width-medium:100%;--awb-order-medium:0;--awb-spacing-right-medium:1.92%;--awb-spacing-left-medium:1.92%;--awb-width-small:100%;--awb-order-small:0;--awb-spacing-right-small:1.92%;--awb-spacing-left-small:1.92%;\" data-scroll-devices=\"small-visibility,medium-visibility,large-visibility\"><div class=\"fusion-column-wrapper fusion-column-has-shadow fusion-flex-justify-content-flex-start fusion-content-layout-column\"><div class=\"fusion-title title fusion-title-1 fusion-sep-none fusion-title-center fusion-title-text fusion-title-size-one\" style=\"--awb-text-color:var(--awb-color3);--awb-margin-top-small:10px;--awb-margin-right-small:0px;--awb-margin-bottom-small:10px;--awb-margin-left-small:0px;--awb-font-size:38px;\"><h1 class=\"fusion-title-heading title-heading-center\" style=\"font-family:&quot;Italiana&quot;;font-style:normal;font-weight:400;margin:0;text-transform:uppercase;font-size:1em;\">RESTAURANT<\/h1><\/div><div class=\"fusion-title title fusion-title-2 fusion-sep-none fusion-title-center fusion-title-text fusion-title-size-five\" style=\"--awb-text-color:var(--awb-color3);--awb-margin-bottom:30px;--awb-margin-top-small:10px;--awb-margin-right-small:0px;--awb-margin-bottom-small:10px;--awb-margin-left-small:0px;\"><h5 class=\"fusion-title-heading title-heading-center\" style=\"margin:0;text-transform:uppercase;\">DAS A LA CARTE<\/h5><\/div><div class=\"fusion-text fusion-text-1\" style=\"--awb-content-alignment:center;\"><p>Das A La Carte Restaurant Antinea freut sich, den G\u00e4sten den authentischen Geschmack der traditionellen griechischen K\u00fcche n\u00e4her zu bringen. Genie\u00dfen Sie alle K\u00f6stlichkeiten der kreativen mediterranen K\u00fcche in einer einzigartigen Atmosph\u00e4re und entdecken Sie die feinsten griechischen Aromen mit einem zeitgen\u00f6ssischen Dreh.<\/p>\n<p>Geschmackvolle einheimische Gerichte und authentische mediterrane Spezialit\u00e4ten bilden eine reichhaltige Speisekarte mit vielen Optionen, die Sie bestimmt beeindrucken werden.<\/p>\n<\/div><\/div><\/div><\/div><div class=\"fusion-builder-row fusion-builder-row-inner fusion-row fusion-flex-align-items-stretch fusion-flex-content-wrap\" style=\"--awb-flex-grow:0;--awb-flex-grow-medium:0;--awb-flex-grow-small:0;--awb-flex-shrink:0;--awb-flex-shrink-medium:0;--awb-flex-shrink-small:0;width:104% !important;max-width:104% !important;margin-left: calc(-4% \/ 2 );margin-right: calc(-4% \/ 2 );\"><div class=\"fusion-layout-column fusion_builder_column_inner fusion-builder-nested-column-1 fusion_builder_column_inner_1_1 1_1 fusion-flex-column\" style=\"--awb-padding-top:30px;--awb-padding-right:30px;--awb-padding-bottom:30px;--awb-padding-left:30px;--awb-padding-top-medium:50px;--awb-bg-color:#d4dee5;--awb-bg-color-hover:#d4dee5;--awb-bg-size:cover;--awb-width-large:100%;--awb-margin-top-large:0px;--awb-spacing-right-large:1.92%;--awb-margin-bottom-large:0px;--awb-spacing-left-large:1.92%;--awb-width-medium:100%;--awb-order-medium:0;--awb-spacing-right-medium:1.92%;--awb-spacing-left-medium:1.92%;--awb-width-small:100%;--awb-order-small:0;--awb-spacing-right-small:1.92%;--awb-spacing-left-small:1.92%;\" data-scroll-devices=\"small-visibility,medium-visibility,large-visibility\"><div class=\"fusion-column-wrapper fusion-column-has-shadow fusion-flex-justify-content-flex-start fusion-content-layout-column\"><div class=\"fusion-title title fusion-title-3 fusion-sep-none fusion-title-center fusion-title-text fusion-title-size-one\" style=\"--awb-text-color:var(--awb-color3);--awb-margin-top-small:10px;--awb-margin-right-small:0px;--awb-margin-bottom-small:10px;--awb-margin-left-small:0px;--awb-font-size:38px;\"><h1 class=\"fusion-title-heading title-heading-center\" style=\"font-family:&quot;Italiana&quot;;font-style:normal;font-weight:400;margin:0;text-transform:uppercase;font-size:1em;\">Lounge &amp; Bar<\/h1><\/div><div class=\"fusion-title title fusion-title-4 fusion-sep-none fusion-title-center fusion-title-text fusion-title-size-five\" style=\"--awb-text-color:var(--awb-color3);--awb-margin-bottom:30px;--awb-margin-top-small:10px;--awb-margin-right-small:0px;--awb-margin-bottom-small:10px;--awb-margin-left-small:0px;\"><h5 class=\"fusion-title-heading title-heading-center\" style=\"margin:0;text-transform:uppercase;\">DER ANTINEA SWIMMINGPOOL<\/h5><\/div><div class=\"fusion-text fusion-text-2\" style=\"--awb-content-alignment:center;\"><p>Eine ultimative ruhige Umgebung zum Sonnenbaden mit komfortablen Einrichtungen und Grillm\u00f6glichkeiten.<\/p>\n<p>Die Antinea pool lounge and Bar ist der perfekte Ort, um sich unter der Sonne zu entspannen, au\u00dfergew\u00f6hnliche Cocktails und Erfrischungen zu genie\u00dfen oder verschiedene leichte Snacks, die von unserem freundlichen und professionellen Personal serviert werden.<\/p>\n<p>Wir sind sicher, dass Sie mit unvergesslichen Sommererinnerungen gef\u00fcllt sein werden\u2026<\/p>\n<\/div><\/div><\/div><\/div><\/div><\/div><div class=\"fusion-layout-column fusion_builder_column fusion-builder-column-1 fusion_builder_column_2_3 2_3 fusion-flex-column\" style=\"--awb-bg-position:center center;--awb-bg-size:cover;--awb-width-large:66.666666666667%;--awb-margin-top-large:0px;--awb-spacing-right-large:2.88%;--awb-margin-bottom-large:0px;--awb-spacing-left-large:10px;--awb-width-medium:66.666666666667%;--awb-order-medium:0;--awb-spacing-right-medium:2.88%;--awb-spacing-left-medium:10px;--awb-width-small:100%;--awb-order-small:0;--awb-spacing-right-small:1.92%;--awb-spacing-left-small:1.92%;\" data-scroll-devices=\"small-visibility,medium-visibility,large-visibility\"><div class=\"awb-column__background-slider\" ><div class=\"awb-background-slider\" data-type=\"column\" data-loop=\"yes\" data-animation=\"fade\" data-slideshow-speed=\"2000\" data-animation-speed=\"800\" data-direction=\"up\" style=\"--awb-image-position:50% 50%;\"><div class=\"swiper-wrapper\"><div class=\"swiper-slide\"><img decoding=\"async\" width=\"1000\" height=\"667\" src=\"https:\/\/antineahotel.gr\/wp-content\/uploads\/2025\/12\/shutterstock_674037814.jpg\" class=\"awb-background-slider__image\" alt=\"\" srcset=\"https:\/\/antineahotel.gr\/wp-content\/uploads\/2025\/12\/shutterstock_674037814-200x133.jpg 200w, https:\/\/antineahotel.gr\/wp-content\/uploads\/2025\/12\/shutterstock_674037814-300x200.jpg 300w, https:\/\/antineahotel.gr\/wp-content\/uploads\/2025\/12\/shutterstock_674037814-400x267.jpg 400w, https:\/\/antineahotel.gr\/wp-content\/uploads\/2025\/12\/shutterstock_674037814-600x400.jpg 600w, https:\/\/antineahotel.gr\/wp-content\/uploads\/2025\/12\/shutterstock_674037814-768x512.jpg 768w, https:\/\/antineahotel.gr\/wp-content\/uploads\/2025\/12\/shutterstock_674037814-800x534.jpg 800w, https:\/\/antineahotel.gr\/wp-content\/uploads\/2025\/12\/shutterstock_674037814.jpg 1000w\" sizes=\"(max-width: 1000px) 100vw, 1000px\" \/><\/div><div class=\"swiper-slide\"><img decoding=\"async\" width=\"1920\" height=\"1280\" src=\"https:\/\/antineahotel.gr\/wp-content\/uploads\/2025\/12\/shutterstock_744915967.jpg\" class=\"awb-background-slider__image\" alt=\"\" srcset=\"https:\/\/antineahotel.gr\/wp-content\/uploads\/2025\/12\/shutterstock_744915967-200x133.jpg 200w, https:\/\/antineahotel.gr\/wp-content\/uploads\/2025\/12\/shutterstock_744915967-300x200.jpg 300w, https:\/\/antineahotel.gr\/wp-content\/uploads\/2025\/12\/shutterstock_744915967-400x267.jpg 400w, https:\/\/antineahotel.gr\/wp-content\/uploads\/2025\/12\/shutterstock_744915967-600x400.jpg 600w, https:\/\/antineahotel.gr\/wp-content\/uploads\/2025\/12\/shutterstock_744915967-768x512.jpg 768w, https:\/\/antineahotel.gr\/wp-content\/uploads\/2025\/12\/shutterstock_744915967-800x533.jpg 800w, https:\/\/antineahotel.gr\/wp-content\/uploads\/2025\/12\/shutterstock_744915967-1024x683.jpg 1024w, https:\/\/antineahotel.gr\/wp-content\/uploads\/2025\/12\/shutterstock_744915967-1200x800.jpg 1200w, https:\/\/antineahotel.gr\/wp-content\/uploads\/2025\/12\/shutterstock_744915967-1536x1024.jpg 1536w, https:\/\/antineahotel.gr\/wp-content\/uploads\/2025\/12\/shutterstock_744915967.jpg 1920w\" sizes=\"(max-width: 1920px) 100vw, 1920px\" \/><\/div><div class=\"swiper-slide\"><img decoding=\"async\" width=\"1600\" height=\"1200\" src=\"https:\/\/antineahotel.gr\/wp-content\/uploads\/2025\/12\/cocktail-time-1.jpg\" class=\"awb-background-slider__image\" alt=\"\" srcset=\"https:\/\/antineahotel.gr\/wp-content\/uploads\/2025\/12\/cocktail-time-1-200x150.jpg 200w, https:\/\/antineahotel.gr\/wp-content\/uploads\/2025\/12\/cocktail-time-1-300x225.jpg 300w, https:\/\/antineahotel.gr\/wp-content\/uploads\/2025\/12\/cocktail-time-1-400x300.jpg 400w, https:\/\/antineahotel.gr\/wp-content\/uploads\/2025\/12\/cocktail-time-1-600x450.jpg 600w, https:\/\/antineahotel.gr\/wp-content\/uploads\/2025\/12\/cocktail-time-1-768x576.jpg 768w, https:\/\/antineahotel.gr\/wp-content\/uploads\/2025\/12\/cocktail-time-1-800x600.jpg 800w, https:\/\/antineahotel.gr\/wp-content\/uploads\/2025\/12\/cocktail-time-1-1024x768.jpg 1024w, https:\/\/antineahotel.gr\/wp-content\/uploads\/2025\/12\/cocktail-time-1-1200x900.jpg 1200w, https:\/\/antineahotel.gr\/wp-content\/uploads\/2025\/12\/cocktail-time-1-1536x1152.jpg 1536w, https:\/\/antineahotel.gr\/wp-content\/uploads\/2025\/12\/cocktail-time-1.jpg 1600w\" sizes=\"(max-width: 1600px) 100vw, 1600px\" \/><\/div><\/div><\/div><\/div><div class=\"fusion-column-wrapper fusion-column-has-shadow fusion-flex-justify-content-flex-start fusion-content-layout-column\"><div class=\"awb-column__content\"><\/div><\/div><\/div><\/div><\/div>\n","protected":false},"excerpt":{"rendered":"","protected":false},"author":2,"featured_media":0,"parent":0,"menu_order":0,"comment_status":"closed","ping_status":"closed","template":"100-width.php","meta":{"_acf_changed":false,"footnotes":""},"class_list":["post-1857","page","type-page","status-publish","hentry"],"acf":[],"yoast_head":"<!-- This site is optimized with the Yoast SEO plugin v27.3 - https:\/\/yoast.com\/product\/yoast-seo-wordpress\/ -->\n<title>Restaurant | Santorini Island | Antinea Suites &amp; Spa Hotel<\/title>\n<meta name=\"description\" content=\"Antinea facilities include an a la carte restaurant with traditional Greek dishes as well as a pool lounge &amp; bar for the ultimate relaxation.\" \/>\n<meta name=\"robots\" content=\"index, follow, max-snippet:-1, max-image-preview:large, max-video-preview:-1\" \/>\n<link rel=\"canonical\" href=\"https:\/\/antineahotel.gr\/de\/restaurant\/\" \/>\n<meta property=\"og:locale\" content=\"de_DE\" \/>\n<meta property=\"og:type\" content=\"article\" \/>\n<meta property=\"og:title\" content=\"Restaurant | Santorini Island | Antinea Suites &amp; Spa Hotel\" \/>\n<meta property=\"og:description\" content=\"Antinea facilities include an a la carte restaurant with traditional Greek dishes as well as a pool lounge &amp; bar for the ultimate relaxation.\" \/>\n<meta property=\"og:url\" content=\"https:\/\/antineahotel.gr\/de\/restaurant\/\" \/>\n<meta property=\"og:site_name\" content=\"Antinea Hotel\" \/>\n<meta property=\"article:modified_time\" content=\"2026-01-02T15:00:47+00:00\" \/>\n<meta name=\"twitter:card\" content=\"summary_large_image\" \/>\n<meta name=\"twitter:label1\" content=\"Gesch\u00e4tzte Lesezeit\" \/>\n\t<meta name=\"twitter:data1\" content=\"2\u00a0Minuten\" \/>\n<script type=\"application\/ld+json\" class=\"yoast-schema-graph\">{\"@context\":\"https:\\\/\\\/schema.org\",\"@graph\":[{\"@type\":\"WebPage\",\"@id\":\"https:\\\/\\\/antineahotel.gr\\\/de\\\/restaurant\\\/\",\"url\":\"https:\\\/\\\/antineahotel.gr\\\/de\\\/restaurant\\\/\",\"name\":\"Restaurant | Santorini Island | Antinea Suites & Spa Hotel\",\"isPartOf\":{\"@id\":\"https:\\\/\\\/antineahotel.gr\\\/de\\\/#website\"},\"datePublished\":\"2026-01-02T09:59:49+00:00\",\"dateModified\":\"2026-01-02T15:00:47+00:00\",\"description\":\"Antinea facilities include an a la carte restaurant with traditional Greek dishes as well as a pool lounge & bar for the ultimate relaxation.\",\"breadcrumb\":{\"@id\":\"https:\\\/\\\/antineahotel.gr\\\/de\\\/restaurant\\\/#breadcrumb\"},\"inLanguage\":\"de\",\"potentialAction\":[{\"@type\":\"ReadAction\",\"target\":[\"https:\\\/\\\/antineahotel.gr\\\/de\\\/restaurant\\\/\"]}]},{\"@type\":\"BreadcrumbList\",\"@id\":\"https:\\\/\\\/antineahotel.gr\\\/de\\\/restaurant\\\/#breadcrumb\",\"itemListElement\":[{\"@type\":\"ListItem\",\"position\":1,\"name\":\"Home\",\"item\":\"https:\\\/\\\/antineahotel.gr\\\/de\\\/\"},{\"@type\":\"ListItem\",\"position\":2,\"name\":\"RESTAURANT\"}]},{\"@type\":\"WebSite\",\"@id\":\"https:\\\/\\\/antineahotel.gr\\\/de\\\/#website\",\"url\":\"https:\\\/\\\/antineahotel.gr\\\/de\\\/\",\"name\":\"Antinea Hotel\",\"description\":\"in Santorini\",\"potentialAction\":[{\"@type\":\"SearchAction\",\"target\":{\"@type\":\"EntryPoint\",\"urlTemplate\":\"https:\\\/\\\/antineahotel.gr\\\/de\\\/?s={search_term_string}\"},\"query-input\":{\"@type\":\"PropertyValueSpecification\",\"valueRequired\":true,\"valueName\":\"search_term_string\"}}],\"inLanguage\":\"de\"}]}<\/script>\n<!-- \/ Yoast SEO plugin. -->","yoast_head_json":{"title":"Restaurant | Santorini Island | Antinea Suites & Spa Hotel","description":"Antinea facilities include an a la carte restaurant with traditional Greek dishes as well as a pool lounge & bar for the ultimate relaxation.","robots":{"index":"index","follow":"follow","max-snippet":"max-snippet:-1","max-image-preview":"max-image-preview:large","max-video-preview":"max-video-preview:-1"},"canonical":"https:\/\/antineahotel.gr\/de\/restaurant\/","og_locale":"de_DE","og_type":"article","og_title":"Restaurant | Santorini Island | Antinea Suites & Spa Hotel","og_description":"Antinea facilities include an a la carte restaurant with traditional Greek dishes as well as a pool lounge & bar for the ultimate relaxation.","og_url":"https:\/\/antineahotel.gr\/de\/restaurant\/","og_site_name":"Antinea Hotel","article_modified_time":"2026-01-02T15:00:47+00:00","twitter_card":"summary_large_image","twitter_misc":{"Gesch\u00e4tzte Lesezeit":"2\u00a0Minuten"},"schema":{"@context":"https:\/\/schema.org","@graph":[{"@type":"WebPage","@id":"https:\/\/antineahotel.gr\/de\/restaurant\/","url":"https:\/\/antineahotel.gr\/de\/restaurant\/","name":"Restaurant | Santorini Island | Antinea Suites & Spa Hotel","isPartOf":{"@id":"https:\/\/antineahotel.gr\/de\/#website"},"datePublished":"2026-01-02T09:59:49+00:00","dateModified":"2026-01-02T15:00:47+00:00","description":"Antinea facilities include an a la carte restaurant with traditional Greek dishes as well as a pool lounge & bar for the ultimate relaxation.","breadcrumb":{"@id":"https:\/\/antineahotel.gr\/de\/restaurant\/#breadcrumb"},"inLanguage":"de","potentialAction":[{"@type":"ReadAction","target":["https:\/\/antineahotel.gr\/de\/restaurant\/"]}]},{"@type":"BreadcrumbList","@id":"https:\/\/antineahotel.gr\/de\/restaurant\/#breadcrumb","itemListElement":[{"@type":"ListItem","position":1,"name":"Home","item":"https:\/\/antineahotel.gr\/de\/"},{"@type":"ListItem","position":2,"name":"RESTAURANT"}]},{"@type":"WebSite","@id":"https:\/\/antineahotel.gr\/de\/#website","url":"https:\/\/antineahotel.gr\/de\/","name":"Antinea Hotel","description":"in Santorini","potentialAction":[{"@type":"SearchAction","target":{"@type":"EntryPoint","urlTemplate":"https:\/\/antineahotel.gr\/de\/?s={search_term_string}"},"query-input":{"@type":"PropertyValueSpecification","valueRequired":true,"valueName":"search_term_string"}}],"inLanguage":"de"}]}},"_links":{"self":[{"href":"https:\/\/antineahotel.gr\/de\/wp-json\/wp\/v2\/pages\/1857","targetHints":{"allow":["GET"]}}],"collection":[{"href":"https:\/\/antineahotel.gr\/de\/wp-json\/wp\/v2\/pages"}],"about":[{"href":"https:\/\/antineahotel.gr\/de\/wp-json\/wp\/v2\/types\/page"}],"author":[{"embeddable":true,"href":"https:\/\/antineahotel.gr\/de\/wp-json\/wp\/v2\/users\/2"}],"replies":[{"embeddable":true,"href":"https:\/\/antineahotel.gr\/de\/wp-json\/wp\/v2\/comments?post=1857"}],"version-history":[{"count":1,"href":"https:\/\/antineahotel.gr\/de\/wp-json\/wp\/v2\/pages\/1857\/revisions"}],"predecessor-version":[{"id":1858,"href":"https:\/\/antineahotel.gr\/de\/wp-json\/wp\/v2\/pages\/1857\/revisions\/1858"}],"wp:attachment":[{"href":"https:\/\/antineahotel.gr\/de\/wp-json\/wp\/v2\/media?parent=1857"}],"curies":[{"name":"wp","href":"https:\/\/api.w.org\/{rel}","templated":true}]}}