{"id":1831,"date":"2026-01-02T07:31:04","date_gmt":"2026-01-02T07:31:04","guid":{"rendered":"https:\/\/antineahotel.gr\/recreation\/excursions\/"},"modified":"2026-01-02T14:40:47","modified_gmt":"2026-01-02T14:40:47","slug":"excursions","status":"publish","type":"page","link":"https:\/\/antineahotel.gr\/de\/recreation\/excursions\/","title":{"rendered":"AUSFL\u00dcGE"},"content":{"rendered":"<div class=\"fusion-fullwidth fullwidth-box fusion-builder-row-1 fusion-flex-container has-pattern-background has-mask-background hundred-percent-fullwidth non-hundred-percent-height-scrolling\" style=\"--awb-border-radius-top-left:0px;--awb-border-radius-top-right:0px;--awb-border-radius-bottom-right:0px;--awb-border-radius-bottom-left:0px;--awb-padding-right:0px;--awb-padding-left:0px;--awb-flex-wrap:wrap;\" ><div class=\"fusion-builder-row fusion-row fusion-flex-align-items-stretch fusion-flex-content-wrap\" style=\"width:104% !important;max-width:104% !important;margin-left: calc(-4% \/ 2 );margin-right: calc(-4% \/ 2 );\"><div class=\"fusion-layout-column fusion_builder_column fusion-builder-column-0 fusion_builder_column_1_3 1_3 fusion-flex-column\" style=\"--awb-padding-top:50px;--awb-padding-right:0px;--awb-padding-left:0px;--awb-padding-top-medium:20px;--awb-bg-size:cover;--awb-width-large:33.333333333333%;--awb-margin-top-large:0px;--awb-spacing-right-large:10px;--awb-margin-bottom-large:0px;--awb-spacing-left-large:5.76%;--awb-width-medium:33.333333333333%;--awb-order-medium:1;--awb-spacing-right-medium:10px;--awb-spacing-left-medium:5.76%;--awb-width-small:100%;--awb-order-small:1;--awb-spacing-right-small:1.92%;--awb-spacing-left-small:1.92%;\" data-scroll-devices=\"small-visibility,medium-visibility,large-visibility\"><div class=\"fusion-column-wrapper fusion-column-has-shadow fusion-flex-justify-content-flex-start fusion-content-layout-column\"><div class=\"fusion-builder-row fusion-builder-row-inner fusion-row fusion-flex-align-items-stretch fusion-flex-content-wrap\" style=\"--awb-flex-grow:0;--awb-flex-grow-medium:0;--awb-flex-grow-small:0;--awb-flex-shrink:0;--awb-flex-shrink-medium:0;--awb-flex-shrink-small:0;width:104% !important;max-width:104% !important;margin-left: calc(-4% \/ 2 );margin-right: calc(-4% \/ 2 );\"><div class=\"fusion-layout-column fusion_builder_column_inner fusion-builder-nested-column-0 fusion_builder_column_inner_1_1 1_1 fusion-flex-column\" style=\"--awb-padding-right:10%;--awb-padding-left:10%;--awb-padding-right-medium:20px;--awb-padding-left-medium:20px;--awb-bg-size:cover;--awb-width-large:100%;--awb-margin-top-large:0px;--awb-spacing-right-large:1.92%;--awb-margin-bottom-large:0px;--awb-spacing-left-large:1.92%;--awb-width-medium:100%;--awb-order-medium:0;--awb-spacing-right-medium:1.92%;--awb-spacing-left-medium:1.92%;--awb-width-small:100%;--awb-order-small:0;--awb-spacing-right-small:1.92%;--awb-spacing-left-small:1.92%;\" data-scroll-devices=\"small-visibility,medium-visibility,large-visibility\"><div class=\"fusion-column-wrapper fusion-column-has-shadow fusion-flex-justify-content-flex-start fusion-content-layout-column\"><div class=\"fusion-title title fusion-title-1 fusion-sep-none fusion-title-center fusion-title-text fusion-title-size-one\" style=\"--awb-text-color:var(--awb-color3);--awb-margin-top-small:10px;--awb-margin-right-small:0px;--awb-margin-bottom-small:10px;--awb-margin-left-small:0px;--awb-font-size:38px;\"><h1 class=\"fusion-title-heading title-heading-center\" style=\"font-family:&quot;Italiana&quot;;font-style:normal;font-weight:400;margin:0;text-transform:uppercase;font-size:1em;\">AUSFL\u00dcGE<\/h1><\/div><div class=\"fusion-title title fusion-title-2 fusion-sep-none fusion-title-center fusion-title-text fusion-title-size-five\" style=\"--awb-text-color:var(--awb-color3);--awb-margin-bottom:30px;--awb-margin-top-small:10px;--awb-margin-right-small:0px;--awb-margin-bottom-small:10px;--awb-margin-left-small:0px;\"><h5 class=\"fusion-title-heading title-heading-center\" style=\"margin:0;text-transform:uppercase;\">UNVERGESSLICHE LEBENSERFAHRUNGEN<\/h5><\/div><div class=\"fusion-text fusion-text-1\" style=\"--awb-content-alignment:center;\"><p>Unser Team gibt Ihnen Empfehlungen f\u00fcr organisierte Touren und Ausfl\u00fcge, die Sie ausw\u00e4hlen und Santorini an einem Tag entdecken k\u00f6nnen.<\/p>\n<p>Wir k\u00f6nnen Ihre Segelt\u00f6rns zu den interessantesten Orten auf Santorini organisieren, so dass Sie die Wahrzeichen der Insel, die n\u00e4chstgelegenen Inseln und definitiv das Dorf des ber\u00fchmten Sonnenuntergangs besuchen.<\/p>\n<p>Sie k\u00f6nnen viele Ausfl\u00fcge zu allen Zielen der Insel finden, wie zu den arch\u00e4ologischen St\u00e4tten, den traditionellen D\u00f6rfer und zum Vulkan. Profitieren Sie von den Planungsleistungen unseres Teams und genie\u00dfen Sie Ihren Urlaub auf Santorini wie nie zuvor.<\/p>\n<\/div><\/div><\/div><\/div><div class=\"fusion-builder-row fusion-builder-row-inner fusion-row fusion-flex-align-items-stretch fusion-flex-content-wrap\" style=\"--awb-flex-grow:0;--awb-flex-grow-medium:0;--awb-flex-grow-small:0;--awb-flex-shrink:0;--awb-flex-shrink-medium:0;--awb-flex-shrink-small:0;width:104% !important;max-width:104% !important;margin-left: calc(-4% \/ 2 );margin-right: calc(-4% \/ 2 );\"><div class=\"fusion-layout-column fusion_builder_column_inner fusion-builder-nested-column-1 fusion_builder_column_inner_1_1 1_1 fusion-flex-column\" style=\"--awb-padding-top:30px;--awb-padding-right:30px;--awb-padding-bottom:30px;--awb-padding-left:30px;--awb-padding-top-medium:50px;--awb-bg-color:#d4dee5;--awb-bg-color-hover:#d4dee5;--awb-bg-size:cover;--awb-width-large:100%;--awb-margin-top-large:0px;--awb-spacing-right-large:1.92%;--awb-margin-bottom-large:0px;--awb-spacing-left-large:1.92%;--awb-width-medium:100%;--awb-order-medium:0;--awb-spacing-right-medium:1.92%;--awb-spacing-left-medium:1.92%;--awb-width-small:100%;--awb-order-small:0;--awb-spacing-right-small:1.92%;--awb-spacing-left-small:1.92%;\" data-scroll-devices=\"small-visibility,medium-visibility,large-visibility\"><div class=\"fusion-column-wrapper fusion-column-has-shadow fusion-flex-justify-content-flex-start fusion-content-layout-column\"><div class=\"fusion-image-element \" style=\"--awb-caption-title-font-family:var(--h2_typography-font-family);--awb-caption-title-font-weight:var(--h2_typography-font-weight);--awb-caption-title-font-style:var(--h2_typography-font-style);--awb-caption-title-size:var(--h2_typography-font-size);--awb-caption-title-transform:var(--h2_typography-text-transform);--awb-caption-title-line-height:var(--h2_typography-line-height);--awb-caption-title-letter-spacing:var(--h2_typography-letter-spacing);\"><span class=\" fusion-imageframe imageframe-none imageframe-1 hover-type-none\"><img decoding=\"async\" width=\"1920\" height=\"1080\" alt=\"Caldera &amp; Oia Sunset Cruise\" title=\"CHR_3747\" src=\"https:\/\/antineahotel.gr\/wp-content\/uploads\/2018\/01\/CHR_3747.jpg\" class=\"img-responsive wp-image-1705\" srcset=\"https:\/\/antineahotel.gr\/wp-content\/uploads\/2018\/01\/CHR_3747-200x113.jpg 200w, https:\/\/antineahotel.gr\/wp-content\/uploads\/2018\/01\/CHR_3747-400x225.jpg 400w, https:\/\/antineahotel.gr\/wp-content\/uploads\/2018\/01\/CHR_3747-600x338.jpg 600w, https:\/\/antineahotel.gr\/wp-content\/uploads\/2018\/01\/CHR_3747-800x450.jpg 800w, https:\/\/antineahotel.gr\/wp-content\/uploads\/2018\/01\/CHR_3747-1200x675.jpg 1200w, https:\/\/antineahotel.gr\/wp-content\/uploads\/2018\/01\/CHR_3747.jpg 1920w\" sizes=\"(max-width: 1000px) 100vw, 1920px\" \/><\/span><\/div><\/div><\/div><\/div><\/div><\/div><div class=\"fusion-layout-column fusion_builder_column fusion-builder-column-1 fusion_builder_column_2_3 2_3 fusion-flex-column\" style=\"--awb-bg-image:url(&#039;https:\/\/antineahotel.gr\/wp-content\/uploads\/2025\/12\/shutterstock_488952796.jpg&#039;);--awb-bg-position:center center;--awb-bg-size:cover;--awb-width-large:66.666666666667%;--awb-margin-top-large:0px;--awb-spacing-right-large:2.88%;--awb-margin-bottom-large:0px;--awb-spacing-left-large:10px;--awb-width-medium:66.666666666667%;--awb-order-medium:0;--awb-spacing-right-medium:2.88%;--awb-spacing-left-medium:10px;--awb-width-small:100%;--awb-order-small:0;--awb-spacing-right-small:1.92%;--awb-spacing-left-small:1.92%;\" data-scroll-devices=\"small-visibility,medium-visibility,large-visibility\"><div class=\"fusion-column-wrapper fusion-column-has-shadow fusion-flex-justify-content-flex-start fusion-content-layout-column fusion-empty-column-bg-image fusion-column-has-bg-image\" data-bg-url=\"https:\/\/antineahotel.gr\/wp-content\/uploads\/2025\/12\/shutterstock_488952796.jpg\"><img decoding=\"async\" class=\"fusion-empty-dims-img-placeholder fusion-no-large-visibility fusion-no-medium-visibility\" aria-label=\"shutterstock_488952796\" src=\"data:image\/svg+xml,%3Csvg%20xmlns%3D%27http%3A%2F%2Fwww.w3.org%2F2000%2Fsvg%27%20width%3D%271920%27%20height%3D%27700%27%20viewBox%3D%270%200%201920%20700%27%3E%3Crect%20width%3D%271920%27%20height%3D%27700%27%20fill-opacity%3D%220%22%2F%3E%3C%2Fsvg%3E\"><\/div><\/div><\/div><\/div>\n","protected":false},"excerpt":{"rendered":"","protected":false},"author":2,"featured_media":0,"parent":1808,"menu_order":0,"comment_status":"closed","ping_status":"closed","template":"100-width.php","meta":{"_acf_changed":false,"footnotes":""},"class_list":["post-1831","page","type-page","status-publish","hentry"],"acf":[],"yoast_head":"<!-- This site is optimized with the Yoast SEO plugin v27.3 - https:\/\/yoast.com\/product\/yoast-seo-wordpress\/ -->\n<title>Excursions | Santorini Island | Antinea Suites &amp; Spa Hotel<\/title>\n<meta name=\"description\" content=\"Live an unforgettable summer experience by participating in one of our organized tours and excursions placed in Santorini Island.\" \/>\n<meta name=\"robots\" content=\"index, follow, max-snippet:-1, max-image-preview:large, max-video-preview:-1\" \/>\n<link rel=\"canonical\" href=\"https:\/\/antineahotel.gr\/de\/recreation\/excursions\/\" \/>\n<meta property=\"og:locale\" content=\"de_DE\" \/>\n<meta property=\"og:type\" content=\"article\" \/>\n<meta property=\"og:title\" content=\"Excursions | Santorini Island | Antinea Suites &amp; Spa Hotel\" \/>\n<meta property=\"og:description\" content=\"Live an unforgettable summer experience by participating in one of our organized tours and excursions placed in Santorini Island.\" \/>\n<meta property=\"og:url\" content=\"https:\/\/antineahotel.gr\/de\/recreation\/excursions\/\" \/>\n<meta property=\"og:site_name\" content=\"Antinea Hotel\" \/>\n<meta property=\"article:modified_time\" content=\"2026-01-02T14:40:47+00:00\" \/>\n<meta name=\"twitter:card\" content=\"summary_large_image\" \/>\n<meta name=\"twitter:label1\" content=\"Gesch\u00e4tzte Lesezeit\" \/>\n\t<meta name=\"twitter:data1\" content=\"1\u00a0Minute\" \/>\n<script type=\"application\/ld+json\" class=\"yoast-schema-graph\">{\"@context\":\"https:\\\/\\\/schema.org\",\"@graph\":[{\"@type\":\"WebPage\",\"@id\":\"https:\\\/\\\/antineahotel.gr\\\/de\\\/recreation\\\/excursions\\\/\",\"url\":\"https:\\\/\\\/antineahotel.gr\\\/de\\\/recreation\\\/excursions\\\/\",\"name\":\"Excursions | Santorini Island | Antinea Suites & Spa Hotel\",\"isPartOf\":{\"@id\":\"https:\\\/\\\/antineahotel.gr\\\/de\\\/#website\"},\"datePublished\":\"2026-01-02T07:31:04+00:00\",\"dateModified\":\"2026-01-02T14:40:47+00:00\",\"description\":\"Live an unforgettable summer experience by participating in one of our organized tours and excursions placed in Santorini Island.\",\"breadcrumb\":{\"@id\":\"https:\\\/\\\/antineahotel.gr\\\/de\\\/recreation\\\/excursions\\\/#breadcrumb\"},\"inLanguage\":\"de\",\"potentialAction\":[{\"@type\":\"ReadAction\",\"target\":[\"https:\\\/\\\/antineahotel.gr\\\/de\\\/recreation\\\/excursions\\\/\"]}]},{\"@type\":\"BreadcrumbList\",\"@id\":\"https:\\\/\\\/antineahotel.gr\\\/de\\\/recreation\\\/excursions\\\/#breadcrumb\",\"itemListElement\":[{\"@type\":\"ListItem\",\"position\":1,\"name\":\"Home\",\"item\":\"https:\\\/\\\/antineahotel.gr\\\/de\\\/\"},{\"@type\":\"ListItem\",\"position\":2,\"name\":\"VERGN\u00dcGEN\",\"item\":\"https:\\\/\\\/antineahotel.gr\\\/de\\\/recreation\\\/\"},{\"@type\":\"ListItem\",\"position\":3,\"name\":\"AUSFL\u00dcGE\"}]},{\"@type\":\"WebSite\",\"@id\":\"https:\\\/\\\/antineahotel.gr\\\/de\\\/#website\",\"url\":\"https:\\\/\\\/antineahotel.gr\\\/de\\\/\",\"name\":\"Antinea Hotel\",\"description\":\"in Santorini\",\"potentialAction\":[{\"@type\":\"SearchAction\",\"target\":{\"@type\":\"EntryPoint\",\"urlTemplate\":\"https:\\\/\\\/antineahotel.gr\\\/de\\\/?s={search_term_string}\"},\"query-input\":{\"@type\":\"PropertyValueSpecification\",\"valueRequired\":true,\"valueName\":\"search_term_string\"}}],\"inLanguage\":\"de\"}]}<\/script>\n<!-- \/ Yoast SEO plugin. -->","yoast_head_json":{"title":"Excursions | Santorini Island | Antinea Suites & Spa Hotel","description":"Live an unforgettable summer experience by participating in one of our organized tours and excursions placed in Santorini Island.","robots":{"index":"index","follow":"follow","max-snippet":"max-snippet:-1","max-image-preview":"max-image-preview:large","max-video-preview":"max-video-preview:-1"},"canonical":"https:\/\/antineahotel.gr\/de\/recreation\/excursions\/","og_locale":"de_DE","og_type":"article","og_title":"Excursions | Santorini Island | Antinea Suites & Spa Hotel","og_description":"Live an unforgettable summer experience by participating in one of our organized tours and excursions placed in Santorini Island.","og_url":"https:\/\/antineahotel.gr\/de\/recreation\/excursions\/","og_site_name":"Antinea Hotel","article_modified_time":"2026-01-02T14:40:47+00:00","twitter_card":"summary_large_image","twitter_misc":{"Gesch\u00e4tzte Lesezeit":"1\u00a0Minute"},"schema":{"@context":"https:\/\/schema.org","@graph":[{"@type":"WebPage","@id":"https:\/\/antineahotel.gr\/de\/recreation\/excursions\/","url":"https:\/\/antineahotel.gr\/de\/recreation\/excursions\/","name":"Excursions | Santorini Island | Antinea Suites & Spa Hotel","isPartOf":{"@id":"https:\/\/antineahotel.gr\/de\/#website"},"datePublished":"2026-01-02T07:31:04+00:00","dateModified":"2026-01-02T14:40:47+00:00","description":"Live an unforgettable summer experience by participating in one of our organized tours and excursions placed in Santorini Island.","breadcrumb":{"@id":"https:\/\/antineahotel.gr\/de\/recreation\/excursions\/#breadcrumb"},"inLanguage":"de","potentialAction":[{"@type":"ReadAction","target":["https:\/\/antineahotel.gr\/de\/recreation\/excursions\/"]}]},{"@type":"BreadcrumbList","@id":"https:\/\/antineahotel.gr\/de\/recreation\/excursions\/#breadcrumb","itemListElement":[{"@type":"ListItem","position":1,"name":"Home","item":"https:\/\/antineahotel.gr\/de\/"},{"@type":"ListItem","position":2,"name":"VERGN\u00dcGEN","item":"https:\/\/antineahotel.gr\/de\/recreation\/"},{"@type":"ListItem","position":3,"name":"AUSFL\u00dcGE"}]},{"@type":"WebSite","@id":"https:\/\/antineahotel.gr\/de\/#website","url":"https:\/\/antineahotel.gr\/de\/","name":"Antinea Hotel","description":"in Santorini","potentialAction":[{"@type":"SearchAction","target":{"@type":"EntryPoint","urlTemplate":"https:\/\/antineahotel.gr\/de\/?s={search_term_string}"},"query-input":{"@type":"PropertyValueSpecification","valueRequired":true,"valueName":"search_term_string"}}],"inLanguage":"de"}]}},"_links":{"self":[{"href":"https:\/\/antineahotel.gr\/de\/wp-json\/wp\/v2\/pages\/1831","targetHints":{"allow":["GET"]}}],"collection":[{"href":"https:\/\/antineahotel.gr\/de\/wp-json\/wp\/v2\/pages"}],"about":[{"href":"https:\/\/antineahotel.gr\/de\/wp-json\/wp\/v2\/types\/page"}],"author":[{"embeddable":true,"href":"https:\/\/antineahotel.gr\/de\/wp-json\/wp\/v2\/users\/2"}],"replies":[{"embeddable":true,"href":"https:\/\/antineahotel.gr\/de\/wp-json\/wp\/v2\/comments?post=1831"}],"version-history":[{"count":2,"href":"https:\/\/antineahotel.gr\/de\/wp-json\/wp\/v2\/pages\/1831\/revisions"}],"predecessor-version":[{"id":1833,"href":"https:\/\/antineahotel.gr\/de\/wp-json\/wp\/v2\/pages\/1831\/revisions\/1833"}],"up":[{"embeddable":true,"href":"https:\/\/antineahotel.gr\/de\/wp-json\/wp\/v2\/pages\/1808"}],"wp:attachment":[{"href":"https:\/\/antineahotel.gr\/de\/wp-json\/wp\/v2\/media?parent=1831"}],"curies":[{"name":"wp","href":"https:\/\/api.w.org\/{rel}","templated":true}]}}